{"id":377,"date":"2024-11-26T11:32:09","date_gmt":"2024-11-26T10:32:09","guid":{"rendered":"https:\/\/aktuar.xyz\/377-2\/"},"modified":"2024-11-30T09:10:20","modified_gmt":"2024-11-30T08:10:20","slug":"impressum","status":"publish","type":"page","link":"https:\/\/aktuar.xyz\/fr\/impressum\/","title":{"rendered":""},"content":{"rendered":"\n<div class=\"wp-block-group alignfull has-global-padding is-layout-constrained wp-container-core-group-is-layout-301020a0 wp-block-group-is-layout-constrained\" style=\"padding-top:var(--wp--preset--spacing--50);padding-right:var(--wp--preset--spacing--50);padding-bottom:var(--wp--preset--spacing--50);padding-left:var(--wp--preset--spacing--50)\">\n<div class=\"wp-block-group alignfull has-base-color has-contrast-background-color has-text-color has-background has-link-color wp-elements-984f27816a3d52578e2a085d94e8f521 has-global-padding is-layout-constrained wp-container-core-group-is-layout-d89aad35 wp-block-group-is-layout-constrained\" style=\"margin-top:0;margin-bottom:0;padding-top:var(--wp--preset--spacing--50);padding-right:var(--wp--preset--spacing--50);padding-bottom:var(--wp--preset--spacing--50);padding-left:var(--wp--preset--spacing--50)\">\n<h3 class=\"wp-block-heading alignwide has-base-color has-text-color has-link-color wp-elements-24c898f5700a5217fabf7c8d9d20bd19\" style=\"font-size:clamp(2.587rem, 2.587rem + ((1vw - 0.2rem) * 3.855), 4.9rem);letter-spacing:-0.02em\">Impressum<\/h3>\n\n\n\n<div class=\"wp-block-group alignwide is-layout-flow wp-block-group-is-layout-flow\">\n<hr class=\"wp-block-separator has-text-color has-base-color has-alpha-channel-opacity has-base-background-color has-background is-style-wide\" style=\"margin-top:var(--wp--preset--spacing--30);margin-bottom:var(--wp--preset--spacing--30)\"\/>\n\n\n\n<h3 class=\"wp-block-heading alignwide has-base-2-color has-text-color has-link-color wp-elements-81aca5502f6fc628cd6a9daf507bd36a\">aktuar.xyz est une service de <strong>dxy GmbH<\/strong><\/h3>\n\n\n\n<p class=\"has-contrast-1-color has-text-color has-link-color wp-elements-8d8e3ce266df6b402b5afe1bc25f08b3\">dxy GmbH<br\/>Maihofstrasse 62<br\/>6006 Lucerne<br\/>Suisse<\/p>\n\n\n\n<hr class=\"wp-block-separator has-text-color has-base-color has-alpha-channel-opacity has-base-background-color has-background is-style-wide\" style=\"margin-top:var(--wp--preset--spacing--30);margin-bottom:var(--wp--preset--spacing--30)\"\/>\n\n\n\n<h3 class=\"wp-block-heading alignwide has-base-2-color has-text-color has-link-color wp-elements-d7d19169548063e352428d067ffabbbf\">Contact<\/h3>\n\n\n\n<p class=\"has-base-2-color has-text-color has-link-color wp-elements-32975cf7401cdf1f74809a028bc94fd8\"><a href=\"mailto:i@dxy.ch\">i@dxy.ch<\/a><\/p>\n\n\n\n<hr class=\"wp-block-separator has-text-color has-base-color has-alpha-channel-opacity has-base-background-color has-background is-style-wide\" style=\"margin-top:var(--wp--preset--spacing--30);margin-bottom:var(--wp--preset--spacing--30)\"\/>\n\n\n\n<h3 class=\"wp-block-heading alignwide has-base-2-color has-text-color has-link-color wp-elements-4a994129e8ce8b9306390aa0b8b642d9\">Repr\u00e9sentant l\u00e9gal<\/h3>\n\n\n\n<p class=\"has-contrast-1-color has-text-color has-link-color wp-elements-487857070c095a4d5241f8bac949c7cc\">Pascal Schmid<\/p>\n\n\n\n<hr class=\"wp-block-separator has-text-color has-base-color has-alpha-channel-opacity has-base-background-color has-background is-style-wide\" style=\"margin-top:var(--wp--preset--spacing--30);margin-bottom:var(--wp--preset--spacing--30)\"\/>\n\n\n\n<h3 class=\"wp-block-heading alignwide has-base-2-color has-text-color has-link-color wp-elements-86f30855303e80b76f83b1e6726401e2\">Informations sur l&rsquo;entreprise<\/h3>\n\n\n\n<p class=\"has-base-2-color has-text-color has-link-color wp-elements-f27a0a40979593d4a0b2e029389e29aa\">Inscrit au registre du commerce du canton de Lucerne : CHE-142.828.063<\/p>\n\n\n\n<hr class=\"wp-block-separator has-text-color has-base-color has-alpha-channel-opacity has-base-background-color has-background is-style-wide\" style=\"margin-top:var(--wp--preset--spacing--30);margin-bottom:var(--wp--preset--spacing--30)\"\/>\n\n\n\n<h2 class=\"wp-block-heading alignwide has-base-2-color has-text-color has-link-color wp-elements-dfdd0c1904a633f6376f7435c1f39ce4\">Clause de non-responsabilit\u00e9<\/h2>\n\n\n\n<hr class=\"wp-block-separator has-text-color has-base-color has-alpha-channel-opacity has-base-background-color has-background is-style-wide\" style=\"margin-top:var(--wp--preset--spacing--30);margin-bottom:var(--wp--preset--spacing--30)\"\/>\n\n\n\n<h3 class=\"wp-block-heading alignwide has-base-2-color has-text-color has-link-color wp-elements-f2c013716bfb71d0823ce07224c3e109\">Responsabilit\u00e9 relative au contenu<\/h3>\n\n\n\n<p class=\"has-base-2-color has-text-color has-link-color wp-elements-407ff9848749b94476d5a70fdbecbbef\">Le contenu de notre site web a \u00e9t\u00e9 cr\u00e9\u00e9 avec le plus grand soin. Toutefois, nous ne pouvons garantir l&rsquo;exactitude, l&rsquo;exhaustivit\u00e9 et l&rsquo;actualit\u00e9 de ces contenus. <\/p>\n\n\n\n<hr class=\"wp-block-separator has-text-color has-base-color has-alpha-channel-opacity has-base-background-color has-background is-style-wide\" style=\"margin-top:var(--wp--preset--spacing--30);margin-bottom:var(--wp--preset--spacing--30)\"\/>\n\n\n\n<h3 class=\"wp-block-heading alignwide has-base-2-color has-text-color has-link-color wp-elements-217b817b21ce652148de8b052b3f1f4f\">Responsabilit\u00e9 relative aux liens<\/h3>\n\n\n\n<p class=\"has-contrast-1-color has-text-color has-link-color wp-elements-171255812c2aa34fed835588f4444bcf\">Notre offre contient des liens vers des sites web externes de tiers sur lesquels nous n&rsquo;avons aucune influence. Le contenu des pages li\u00e9es rel\u00e8ve de la responsabilit\u00e9 exclusive de leurs fournisseurs ou op\u00e9rateurs respectifs. <\/p>\n\n\n\n<hr class=\"wp-block-separator has-text-color has-base-color has-alpha-channel-opacity has-base-background-color has-background is-style-wide\" style=\"margin-top:var(--wp--preset--spacing--30);margin-bottom:var(--wp--preset--spacing--30)\"\/>\n\n\n\n<h3 class=\"wp-block-heading alignwide has-base-2-color has-text-color has-link-color wp-elements-b93f1ba7bdb9dc380c39a2608be21129\">Droit d&rsquo;auteur<\/h3>\n\n\n\n<p class=\"has-base-2-color has-text-color has-link-color wp-elements-1cd1babdeb2badb3f3f909423326243d\">Les contenus et \u0153uvres cr\u00e9\u00e9s par nos soins sur ce site web sont soumis au droit d&rsquo;auteur suisse. Toute reproduction, modification, diffusion et toute forme d&rsquo;exploitation en dehors des limites du droit d&rsquo;auteur n\u00e9cessitent l&rsquo;accord \u00e9crit de l&rsquo;auteur ou du cr\u00e9ateur concern\u00e9. <\/p>\n\n\n\n<hr class=\"wp-block-separator has-text-color has-base-color has-alpha-channel-opacity has-base-background-color has-background is-style-wide\" style=\"margin-top:var(--wp--preset--spacing--30);margin-bottom:var(--wp--preset--spacing--30)\"\/>\n\n\n\n<h3 class=\"wp-block-heading alignwide has-base-2-color has-text-color has-link-color wp-elements-622460f0760df503f69a1741568c9094\">Version du<\/h3>\n\n\n\n<p>1er d\u00e9cembre 2024<\/p>\n\n\n\n<hr class=\"wp-block-separator has-text-color has-base-color has-alpha-channel-opacity has-base-background-color has-background is-style-wide\" style=\"margin-top:var(--wp--preset--spacing--30);margin-bottom:var(--wp--preset--spacing--30)\"\/>\n<\/div>\n\n\n\n<div class=\"wp-block-group alignfull has-base-color has-contrast-background-color has-text-color has-background has-link-color wp-elements-356d16a34cab75cfbda789219ceb01a4 has-global-padding is-layout-constrained wp-container-core-group-is-layout-d89aad35 wp-block-group-is-layout-constrained\" style=\"margin-top:0;margin-bottom:0;padding-top:var(--wp--preset--spacing--50);padding-right:var(--wp--preset--spacing--50);padding-bottom:var(--wp--preset--spacing--50);padding-left:var(--wp--preset--spacing--50)\">\n<h3 class=\"wp-block-heading alignwide has-base-color has-text-color has-link-color wp-elements-6ebc4758da45e3bf87a6efff969c975d\" style=\"font-size:clamp(2.587rem, 2.587rem + ((1vw - 0.2rem) * 3.855), 4.9rem);letter-spacing:-0.02em\">D\u00e9claration de protection des donn\u00e9es<\/h3>\n\n\n\n<div class=\"wp-block-group alignwide is-layout-flow wp-block-group-is-layout-flow\">\n<hr class=\"wp-block-separator has-text-color has-base-color has-alpha-channel-opacity has-base-background-color has-background is-style-wide\" style=\"margin-top:var(--wp--preset--spacing--30);margin-bottom:var(--wp--preset--spacing--30)\"\/>\n\n\n\n<h3 class=\"wp-block-heading alignwide has-base-2-color has-text-color has-link-color wp-elements-2b48e081fa8cb2218cbd4bcc07055d1d\"><\/h3>\n\n\n\n<p>Nous accordons une grande importance \u00e0 la protection de vos donn\u00e9es.<\/p>\n\n\n\n<hr class=\"wp-block-separator has-text-color has-base-color has-alpha-channel-opacity has-base-background-color has-background is-style-wide\" style=\"margin-top:var(--wp--preset--spacing--30);margin-bottom:var(--wp--preset--spacing--30)\"\/>\n\n\n\n<h3 class=\"wp-block-heading alignwide has-base-2-color has-text-color has-link-color wp-elements-a8f8315eea53fa01f3cfcac8278c06c2\">Responsable du traitement des donn\u00e9es<\/h3>\n\n\n\n<p class=\"has-base-2-color has-text-color has-link-color wp-elements-7ff0641c52635d1070d2913d069b0af1\">dxy GmbH<br\/>Maihofstrasse 62<br\/>6006 Lucerne<br\/>Suisse<\/p>\n\n\n\n<hr class=\"wp-block-separator has-text-color has-base-color has-alpha-channel-opacity has-base-background-color has-background is-style-wide\" style=\"margin-top:var(--wp--preset--spacing--30);margin-bottom:var(--wp--preset--spacing--30)\"\/>\n\n\n\n<h3 class=\"wp-block-heading alignwide has-base-2-color has-text-color has-link-color wp-elements-cee2d993512a639d63b2929075eb8dc4\">Visite du site web<\/h3>\n\n\n\n<p class=\"has-base-2-color has-text-color has-link-color wp-elements-eee31e0044ab6d45aa2ebbda07a82fa6\">Lors de la visite de notre site web, des donn\u00e9es techniques d&rsquo;acc\u00e8s sont automatiquement enregistr\u00e9es dans les journaux du serveur. Ces donn\u00e9es servent exclusivement \u00e0 assurer le fonctionnement s\u00e9curis\u00e9 du site web et sont supprim\u00e9es apr\u00e8s l&rsquo;analyse statistique. <\/p>\n\n\n\n<hr class=\"wp-block-separator has-text-color has-base-color has-alpha-channel-opacity has-base-background-color has-background is-style-wide\" style=\"margin-top:var(--wp--preset--spacing--30);margin-bottom:var(--wp--preset--spacing--30)\"\/>\n\n\n\n<h3 class=\"wp-block-heading alignwide has-base-2-color has-text-color has-link-color wp-elements-6687d3d0947aca609be64aa526f7488a\">Donn\u00e9es collect\u00e9es<\/h3>\n\n\n\n<p class=\"has-base-2-color has-text-color has-link-color wp-elements-d6dff80a2d73708dbd16adbc15a46068\">Lors de l&rsquo;utilisation de ce site web, les donn\u00e9es suivantes sont collect\u00e9es :<\/p>\n\n\n\n<ul class=\"wp-block-list has-base-2-color has-text-color has-link-color wp-elements-1a31d1b6ca7cce53b648f62d475a8371\">\n<li>Adresse IP<\/li>\n\n\n\n<li>la date et l&rsquo;heure de l&rsquo;acc\u00e8s<\/li>\n\n\n\n<li>le nom et l&rsquo;URL de la page consult\u00e9e<\/li>\n\n\n\n<li>\u00c9tat de l&rsquo;acc\u00e8s\/code d&rsquo;\u00e9tat HTTP<\/li>\n\n\n\n<li>Navigateur et syst\u00e8me d&rsquo;exploitation utilis\u00e9s<\/li>\n<\/ul>\n\n\n\n<hr class=\"wp-block-separator has-text-color has-base-color has-alpha-channel-opacity has-base-background-color has-background is-style-wide\" style=\"margin-top:var(--wp--preset--spacing--30);margin-bottom:var(--wp--preset--spacing--30)\"\/>\n\n\n\n<h3 class=\"wp-block-heading alignwide has-base-2-color has-text-color has-link-color wp-elements-3743fc1ee2d244e7b777e78fee8dcf76\">Communication par e-mail<\/h3>\n\n\n\n<p class=\"has-contrast-1-color has-text-color has-link-color wp-elements-f5d8d63175a11b388eba7373d91ea77d\">Veuillez noter que la communication par e-mail n&rsquo;est techniquement ni s\u00fbre ni confidentielle. La transmission d&rsquo;informations sensibles se fait donc \u00e0 vos propres risques. <\/p>\n\n\n\n<hr class=\"wp-block-separator has-text-color has-base-color has-alpha-channel-opacity has-base-background-color has-background is-style-wide\" style=\"margin-top:var(--wp--preset--spacing--30);margin-bottom:var(--wp--preset--spacing--30)\"\/>\n\n\n\n<h3 class=\"wp-block-heading alignwide has-base-2-color has-text-color has-link-color wp-elements-82d017dc18740d78edb26c9196eed277\">Prise de contact<\/h3>\n\n\n\n<p class=\"has-base-2-color has-text-color has-link-color wp-elements-0522a65108330a96c314ea5e49cd9b55\">Lorsque vous nous contactez, nous n&rsquo;utilisons vos donn\u00e9es que pour r\u00e9pondre \u00e0 votre demande. Nous traitons vos donn\u00e9es de mani\u00e8re strictement confidentielle. <\/p>\n\n\n\n<hr class=\"wp-block-separator has-text-color has-base-color has-alpha-channel-opacity has-base-background-color has-background is-style-wide\" style=\"margin-top:var(--wp--preset--spacing--30);margin-bottom:var(--wp--preset--spacing--30)\"\/>\n\n\n\n<h3 class=\"wp-block-heading alignwide has-base-2-color has-text-color has-link-color wp-elements-68a39bd31afd848e0385283631f9f146\">S\u00e9curit\u00e9 des donn\u00e9es<\/h3>\n\n\n\n<p class=\"has-base-2-color has-text-color has-link-color wp-elements-8b1ba0eea56cdcf29187644dd742729a\">L&rsquo;acc\u00e8s \u00e0 notre site web est crypt\u00e9 (SSL\/TLS).<\/p>\n\n\n\n<hr class=\"wp-block-separator has-text-color has-base-color has-alpha-channel-opacity has-base-background-color has-background is-style-wide\" style=\"margin-top:var(--wp--preset--spacing--30);margin-bottom:var(--wp--preset--spacing--30)\"\/>\n\n\n\n<h3 class=\"wp-block-heading alignwide has-base-2-color has-text-color has-link-color wp-elements-e32c8b58411cbfc4f782fd7b4274668b\">Vos droits<\/h3>\n\n\n\n<p class=\"has-base-2-color has-text-color has-link-color wp-elements-f3f244764f8b6f8985bd427fb1f1ee74\">Vous avez le droit d&rsquo;acc\u00e9der \u00e0 vos donn\u00e9es, de les rectifier ou de les supprimer. Nous nous ferons un plaisir de vous fournir des informations sur les donn\u00e9es que nous d\u00e9tenons \u00e0 votre sujet. Pour cela, il vous suffit d&rsquo;envoyer un e-mail \u00e0 : <a href=\"mailto:i@dxy.ch\">i@dxy.ch<\/a>  <\/p>\n\n\n\n<hr class=\"wp-block-separator has-text-color has-base-color has-alpha-channel-opacity has-base-background-color has-background is-style-wide\" style=\"margin-top:var(--wp--preset--spacing--30);margin-bottom:var(--wp--preset--spacing--30)\"\/>\n\n\n\n<h3 class=\"wp-block-heading alignwide has-base-2-color has-text-color has-link-color wp-elements-c621d4c767df55ba0b7dc89a65246b6c\">Conservation<\/h3>\n\n\n\n<p class=\"has-base-2-color has-text-color has-link-color wp-elements-9d6b4b487eb67ec994832ee0ebe32f60\">Nous ne conservons vos donn\u00e9es qu&rsquo;aussi longtemps que cela est n\u00e9cessaire aux fins mentionn\u00e9es ou que des d\u00e9lais de conservation l\u00e9gaux le prescrivent.<\/p>\n\n\n\n<hr class=\"wp-block-separator has-text-color has-base-color has-alpha-channel-opacity has-base-background-color has-background is-style-wide\" style=\"margin-top:var(--wp--preset--spacing--30);margin-bottom:var(--wp--preset--spacing--30)\"\/>\n\n\n\n<h3 class=\"wp-block-heading alignwide has-base-2-color has-text-color has-link-color wp-elements-5cb935389d30e2199e4541795b9f1b25\">Autorit\u00e9 de surveillance<\/h3>\n\n\n\n<p class=\"has-base-2-color has-text-color has-link-color wp-elements-b4f3ad2400d26231145b40dbd8cabcd7\">Pour toute question relative \u00e0 la protection des donn\u00e9es, vous pouvez vous adresser au Pr\u00e9pos\u00e9 f\u00e9d\u00e9ral \u00e0 la protection des donn\u00e9es et \u00e0 la transparence (PFPDT).<\/p>\n\n\n\n<hr class=\"wp-block-separator has-text-color has-base-color has-alpha-channel-opacity has-base-background-color has-background is-style-wide\" style=\"margin-top:var(--wp--preset--spacing--30);margin-bottom:var(--wp--preset--spacing--30)\"\/>\n\n\n\n<h3 class=\"wp-block-heading alignwide has-base-2-color has-text-color has-link-color wp-elements-622460f0760df503f69a1741568c9094\">Version du<\/h3>\n\n\n\n<p>1er d\u00e9cembre 2024<\/p>\n\n\n\n<hr class=\"wp-block-separator has-text-color has-base-color has-alpha-channel-opacity has-base-background-color has-background is-style-wide\" style=\"margin-top:var(--wp--preset--spacing--30);margin-bottom:var(--wp--preset--spacing--30)\"\/>\n<\/div>\n<\/div>\n<\/div>\n\n\n\n<p><\/p>\n<\/div>\n","protected":false},"excerpt":{"rendered":"<p>Impressum aktuar.xyz est une service de dxy GmbH dxy GmbHMaihofstrasse 626006 LucerneSuisse Contact i@dxy.ch Repr\u00e9sentant l\u00e9gal Pascal Schmid Informations sur l&rsquo;entreprise Inscrit au registre du commerce du canton de Lucerne : CHE-142.828.063 Clause de non-responsabilit\u00e9 Responsabilit\u00e9 relative au contenu Le contenu de notre site web a \u00e9t\u00e9 cr\u00e9\u00e9 avec le plus grand soin. Toutefois, nous [&hellip;]<\/p>\n","protected":false},"author":1,"featured_media":0,"parent":0,"menu_order":0,"comment_status":"closed","ping_status":"closed","template":"","meta":{"footnotes":""},"class_list":["post-377","page","type-page","status-publish","hentry"],"yoast_head":"<!-- This site is optimized with the Yoast SEO Premium plugin v26.3 (Yoast SEO v26.3) - https:\/\/yoast.com\/wordpress\/plugins\/seo\/ -->\n<title>aktuar.xyz | Pascal Schmid | Aktuar SAV<\/title>\n<meta name=\"description\" content=\"Versicherungsmathematische Beratung | Aktuar SAV\" \/>\n<meta name=\"robots\" content=\"index, follow, max-snippet:-1, max-image-preview:large, max-video-preview:-1\" \/>\n<link rel=\"canonical\" href=\"https:\/\/aktuar.xyz\/fr\/impressum\/\" \/>\n<meta property=\"og:locale\" content=\"fr_FR\" \/>\n<meta property=\"og:type\" content=\"article\" \/>\n<meta property=\"og:title\" content=\"Versicherungsmathematische Beratung\" \/>\n<meta property=\"og:description\" content=\"Aktuarielle Beratung | Pascal Schmid | Aktuar SAV\" \/>\n<meta property=\"og:url\" content=\"https:\/\/aktuar.xyz\/fr\/impressum\/\" \/>\n<meta property=\"og:site_name\" content=\"aktuar.xyz\" \/>\n<meta property=\"article:modified_time\" content=\"2024-11-30T08:10:20+00:00\" \/>\n<meta property=\"og:image\" content=\"https:\/\/aktuar.xyz\/wp-content\/uploads\/2024\/12\/aktuar-xyz-2.png\" \/>\n\t<meta property=\"og:image:width\" content=\"1293\" \/>\n\t<meta property=\"og:image:height\" content=\"751\" \/>\n\t<meta property=\"og:image:type\" content=\"image\/png\" \/>\n<meta name=\"twitter:card\" content=\"summary_large_image\" \/>\n<meta name=\"twitter:label1\" content=\"Dur\u00e9e de lecture estim\u00e9e\" \/>\n\t<meta name=\"twitter:data1\" content=\"2 minutes\" \/>\n<script type=\"application\/ld+json\" class=\"yoast-schema-graph\">{\"@context\":\"https:\/\/schema.org\",\"@graph\":[{\"@type\":\"WebPage\",\"@id\":\"https:\/\/aktuar.xyz\/fr\/impressum\/\",\"url\":\"https:\/\/aktuar.xyz\/fr\/impressum\/\",\"name\":\"aktuar.xyz | Pascal Schmid | Aktuar SAV\",\"isPartOf\":{\"@id\":\"https:\/\/aktuar.xyz\/fr\/#website\"},\"datePublished\":\"2024-11-26T10:32:09+00:00\",\"dateModified\":\"2024-11-30T08:10:20+00:00\",\"description\":\"Versicherungsmathematische Beratung | Aktuar SAV\",\"inLanguage\":\"fr-FR\",\"potentialAction\":[{\"@type\":\"ReadAction\",\"target\":[\"https:\/\/aktuar.xyz\/fr\/impressum\/\"]}]},{\"@type\":\"WebSite\",\"@id\":\"https:\/\/aktuar.xyz\/fr\/#website\",\"url\":\"https:\/\/aktuar.xyz\/fr\/\",\"name\":\"aktuar.xyz\",\"description\":\"\u00c9quitable, transparent, ind\u00e9pendant.\",\"publisher\":{\"@id\":\"https:\/\/aktuar.xyz\/fr\/#organization\"},\"potentialAction\":[{\"@type\":\"SearchAction\",\"target\":{\"@type\":\"EntryPoint\",\"urlTemplate\":\"https:\/\/aktuar.xyz\/fr\/?s={search_term_string}\"},\"query-input\":{\"@type\":\"PropertyValueSpecification\",\"valueRequired\":true,\"valueName\":\"search_term_string\"}}],\"inLanguage\":\"fr-FR\"},{\"@type\":\"Organization\",\"@id\":\"https:\/\/aktuar.xyz\/fr\/#organization\",\"name\":\"dxy GmbH\",\"alternateName\":\"aktuar.xyz\",\"url\":\"https:\/\/aktuar.xyz\/fr\/\",\"logo\":{\"@type\":\"ImageObject\",\"inLanguage\":\"fr-FR\",\"@id\":\"https:\/\/aktuar.xyz\/fr\/#\/schema\/logo\/image\/\",\"url\":\"https:\/\/aktuar.xyz\/wp-content\/uploads\/2024\/08\/mahael-color.png\",\"contentUrl\":\"https:\/\/aktuar.xyz\/wp-content\/uploads\/2024\/08\/mahael-color.png\",\"width\":500,\"height\":500,\"caption\":\"dxy GmbH\"},\"image\":{\"@id\":\"https:\/\/aktuar.xyz\/fr\/#\/schema\/logo\/image\/\"},\"sameAs\":[\"https:\/\/www.linkedin.com\/company\/aktuar\"],\"description\":\"Als unabh\u00e4ngiger Aktuar SAV bietet Pascal Schmid hochspezialisierte aktuarielle Beratung f\u00fcr die Versicherungs-, Finanz- und Pharmabranche in der Schweiz. Mit fundierten mathematischen Kenntnissen und langj\u00e4hriger Erfahrung unterst\u00fctze ich Unternehmen bei der Produktentwicklung, im Risikomanagement und bei regulatorischen Anforderungen wie SST und ORSA. Meine Dienstleistungen umfassen die Mandatierung als Verantwortlicher Aktuar gem\u00e4ss Art. 23 VAG, aktuarielle Gutachten sowie die Entwicklung und Automatisierung versicherungsmathematischer Prozesse. Der Fokus liegt dabei auf der Verbindung von mathematischer Pr\u00e4zision mit strategischer Weitsicht, um nachhaltige und innovative L\u00f6sungen zu schaffen. Als unabh\u00e4ngiger Berater garantiere ich eine objektive, transparente und qualitativ hochwertige Beratung.\",\"email\":\"i@dxy.ch\",\"legalName\":\"dxy GmbH\",\"foundingDate\":\"2020-07-06\",\"vatID\":\"CHE-142.828.063\",\"numberOfEmployees\":{\"@type\":\"QuantitativeValue\",\"minValue\":\"1\",\"maxValue\":\"10\"}}]}<\/script>\n<!-- \/ Yoast SEO Premium plugin. -->","yoast_head_json":{"title":"aktuar.xyz | Pascal Schmid | Aktuar SAV","description":"Versicherungsmathematische Beratung | Aktuar SAV","robots":{"index":"index","follow":"follow","max-snippet":"max-snippet:-1","max-image-preview":"max-image-preview:large","max-video-preview":"max-video-preview:-1"},"canonical":"https:\/\/aktuar.xyz\/fr\/impressum\/","og_locale":"fr_FR","og_type":"article","og_title":"Versicherungsmathematische Beratung","og_description":"Aktuarielle Beratung | Pascal Schmid | Aktuar SAV","og_url":"https:\/\/aktuar.xyz\/fr\/impressum\/","og_site_name":"aktuar.xyz","article_modified_time":"2024-11-30T08:10:20+00:00","og_image":[{"width":1293,"height":751,"url":"https:\/\/aktuar.xyz\/wp-content\/uploads\/2024\/12\/aktuar-xyz-2.png","type":"image\/png"}],"twitter_card":"summary_large_image","twitter_misc":{"Dur\u00e9e de lecture estim\u00e9e":"2 minutes"},"schema":{"@context":"https:\/\/schema.org","@graph":[{"@type":"WebPage","@id":"https:\/\/aktuar.xyz\/fr\/impressum\/","url":"https:\/\/aktuar.xyz\/fr\/impressum\/","name":"aktuar.xyz | Pascal Schmid | Aktuar SAV","isPartOf":{"@id":"https:\/\/aktuar.xyz\/fr\/#website"},"datePublished":"2024-11-26T10:32:09+00:00","dateModified":"2024-11-30T08:10:20+00:00","description":"Versicherungsmathematische Beratung | Aktuar SAV","inLanguage":"fr-FR","potentialAction":[{"@type":"ReadAction","target":["https:\/\/aktuar.xyz\/fr\/impressum\/"]}]},{"@type":"WebSite","@id":"https:\/\/aktuar.xyz\/fr\/#website","url":"https:\/\/aktuar.xyz\/fr\/","name":"aktuar.xyz","description":"\u00c9quitable, transparent, ind\u00e9pendant.","publisher":{"@id":"https:\/\/aktuar.xyz\/fr\/#organization"},"potentialAction":[{"@type":"SearchAction","target":{"@type":"EntryPoint","urlTemplate":"https:\/\/aktuar.xyz\/fr\/?s={search_term_string}"},"query-input":{"@type":"PropertyValueSpecification","valueRequired":true,"valueName":"search_term_string"}}],"inLanguage":"fr-FR"},{"@type":"Organization","@id":"https:\/\/aktuar.xyz\/fr\/#organization","name":"dxy GmbH","alternateName":"aktuar.xyz","url":"https:\/\/aktuar.xyz\/fr\/","logo":{"@type":"ImageObject","inLanguage":"fr-FR","@id":"https:\/\/aktuar.xyz\/fr\/#\/schema\/logo\/image\/","url":"https:\/\/aktuar.xyz\/wp-content\/uploads\/2024\/08\/mahael-color.png","contentUrl":"https:\/\/aktuar.xyz\/wp-content\/uploads\/2024\/08\/mahael-color.png","width":500,"height":500,"caption":"dxy GmbH"},"image":{"@id":"https:\/\/aktuar.xyz\/fr\/#\/schema\/logo\/image\/"},"sameAs":["https:\/\/www.linkedin.com\/company\/aktuar"],"description":"Als unabh\u00e4ngiger Aktuar SAV bietet Pascal Schmid hochspezialisierte aktuarielle Beratung f\u00fcr die Versicherungs-, Finanz- und Pharmabranche in der Schweiz. Mit fundierten mathematischen Kenntnissen und langj\u00e4hriger Erfahrung unterst\u00fctze ich Unternehmen bei der Produktentwicklung, im Risikomanagement und bei regulatorischen Anforderungen wie SST und ORSA. Meine Dienstleistungen umfassen die Mandatierung als Verantwortlicher Aktuar gem\u00e4ss Art. 23 VAG, aktuarielle Gutachten sowie die Entwicklung und Automatisierung versicherungsmathematischer Prozesse. Der Fokus liegt dabei auf der Verbindung von mathematischer Pr\u00e4zision mit strategischer Weitsicht, um nachhaltige und innovative L\u00f6sungen zu schaffen. Als unabh\u00e4ngiger Berater garantiere ich eine objektive, transparente und qualitativ hochwertige Beratung.","email":"i@dxy.ch","legalName":"dxy GmbH","foundingDate":"2020-07-06","vatID":"CHE-142.828.063","numberOfEmployees":{"@type":"QuantitativeValue","minValue":"1","maxValue":"10"}}]}},"_links":{"self":[{"href":"https:\/\/aktuar.xyz\/fr\/wp-json\/wp\/v2\/pages\/377","targetHints":{"allow":["GET"]}}],"collection":[{"href":"https:\/\/aktuar.xyz\/fr\/wp-json\/wp\/v2\/pages"}],"about":[{"href":"https:\/\/aktuar.xyz\/fr\/wp-json\/wp\/v2\/types\/page"}],"author":[{"embeddable":true,"href":"https:\/\/aktuar.xyz\/fr\/wp-json\/wp\/v2\/users\/1"}],"replies":[{"embeddable":true,"href":"https:\/\/aktuar.xyz\/fr\/wp-json\/wp\/v2\/comments?post=377"}],"version-history":[{"count":1,"href":"https:\/\/aktuar.xyz\/fr\/wp-json\/wp\/v2\/pages\/377\/revisions"}],"predecessor-version":[{"id":378,"href":"https:\/\/aktuar.xyz\/fr\/wp-json\/wp\/v2\/pages\/377\/revisions\/378"}],"wp:attachment":[{"href":"https:\/\/aktuar.xyz\/fr\/wp-json\/wp\/v2\/media?parent=377"}],"curies":[{"name":"wp","href":"https:\/\/api.w.org\/{rel}","templated":true}]}}