{"id":367,"date":"2024-08-18T15:06:44","date_gmt":"2024-08-18T13:06:44","guid":{"rendered":"https:\/\/aktuar.xyz\/367-2\/"},"modified":"2024-12-29T19:06:18","modified_gmt":"2024-12-29T18:06:18","slug":"apropos","status":"publish","type":"page","link":"https:\/\/aktuar.xyz\/fr\/apropos\/","title":{"rendered":""},"content":{"rendered":"\n<div class=\"wp-block-group alignfull has-accent-background-color has-background has-global-padding is-layout-constrained wp-container-core-group-is-layout-669513ed wp-block-group-is-layout-constrained\" style=\"margin-top:0;margin-bottom:0;padding-top:var(--wp--preset--spacing--50);padding-right:var(--wp--preset--spacing--50);padding-bottom:var(--wp--preset--spacing--50);padding-left:var(--wp--preset--spacing--50)\">\n<div class=\"wp-block-columns alignwide is-layout-flex wp-container-core-columns-is-layout-1da03c2a wp-block-columns-is-layout-flex\">\n<div class=\"wp-block-column is-vertically-aligned-stretch is-layout-flow wp-block-column-is-layout-flow\" style=\"flex-basis:50%\">\n<div class=\"wp-block-group is-vertical is-content-justification-stretch is-layout-flex wp-container-core-group-is-layout-444d5ee8 wp-block-group-is-layout-flex\" style=\"min-height:100%\">\n<p class=\"has-heading-font-family has-x-large-font-size\" style=\"line-height:1.2\">Pascal Schmid<\/p>\n\n\n\n<h4 class=\"wp-block-heading\" id=\"h-aktuar-sav-nbsp-berater\">Actuaire ASA \u2218 Conseiller<\/h4>\n\n\n\n<p>\u00c0 l&rsquo;instar de la dualit\u00e9 de la lumi\u00e8re, les math\u00e9matiques unifient des oppos\u00e9s apparents : abstraction et application, logique et intuition. En tant qu&rsquo;actuaire, j&rsquo;\u00e9volue dans cette interaction des perspectives, transformant des d\u00e9fis actuariels complexes en opportunit\u00e9s entrepreneuriales.<\/p>\n\n\n\n<div class=\"wp-block-group has-global-padding is-content-justification-left is-layout-constrained wp-container-core-group-is-layout-9fe8ed88 wp-block-group-is-layout-constrained\">\n<div class=\"wp-block-buttons is-layout-flex wp-block-buttons-is-layout-flex\">\n<div class=\"wp-block-button\"><a class=\"wp-block-button__link wp-element-button\" href=\"https:\/\/www.linkedin.com\/in\/ppschmid\/\" target=\"_blank\" rel=\"noreferrer noopener\">Linkedin<\/a><\/div>\n<\/div>\n<\/div>\n<\/div>\n<\/div>\n\n\n\n<div class=\"wp-block-column is-vertically-aligned-center is-layout-flow wp-block-column-is-layout-flow\" style=\"flex-basis:50%\">\n<figure class=\"wp-block-image aligncenter size-full is-resized is-style-rounded wp-duotone-duotone-1 is-style-rounded--1\"><img decoding=\"async\" width=\"1500\" height=\"1500\" src=\"https:\/\/aktuar.xyz\/wp-content\/uploads\/2024\/11\/aktuar-2016-01.jpg\" alt=\"\" class=\"wp-image-146\" style=\"width:365px;height:auto\" srcset=\"https:\/\/aktuar.xyz\/wp-content\/uploads\/2024\/11\/aktuar-2016-01.jpg 1500w, https:\/\/aktuar.xyz\/wp-content\/uploads\/2024\/11\/aktuar-2016-01-300x300.jpg 300w, https:\/\/aktuar.xyz\/wp-content\/uploads\/2024\/11\/aktuar-2016-01-1024x1024.jpg 1024w, https:\/\/aktuar.xyz\/wp-content\/uploads\/2024\/11\/aktuar-2016-01-150x150.jpg 150w, https:\/\/aktuar.xyz\/wp-content\/uploads\/2024\/11\/aktuar-2016-01-768x768.jpg 768w\" sizes=\"(max-width: 1500px) 100vw, 1500px\" \/><\/figure>\n<\/div>\n<\/div>\n<\/div>\n\n<div class=\"wp-block-group alignfull has-base-background-color has-background has-global-padding is-layout-constrained wp-container-core-group-is-layout-d89aad35 wp-block-group-is-layout-constrained\" style=\"margin-top:0;margin-bottom:0;padding-top:var(--wp--preset--spacing--50);padding-right:var(--wp--preset--spacing--50);padding-bottom:var(--wp--preset--spacing--50);padding-left:var(--wp--preset--spacing--50)\">\n<div class=\"wp-block-columns alignwide is-layout-flex wp-container-core-columns-is-layout-549b0c86 wp-block-columns-is-layout-flex\">\n<div class=\"wp-block-column has-global-padding is-content-justification-left is-layout-constrained wp-container-core-column-is-layout-4f15e8fe wp-block-column-is-layout-constrained\" style=\"flex-basis:40%\">\n<p>C&rsquo;est dans les profondeurs du pass\u00e9 que r\u00e9side la cl\u00e9 de l&rsquo;avenir.<\/p>\n<\/div>\n\n\n\n<div class=\"wp-block-column is-layout-flow wp-container-core-column-is-layout-119bc444 wp-block-column-is-layout-flow\" style=\"flex-basis:60%\">\n<p class=\"has-heading-font-family has-x-large-font-size\" style=\"line-height:1.2\">De la physique \u00e0 la mod\u00e9lisation des risques s&rsquo;\u00e9tend un fil conducteur : la qu\u00eate de solutions \u00e9l\u00e9gantes au sein de syst\u00e8mes complexes. <\/p>\n\n\n\n<div class=\"wp-block-columns is-layout-flex wp-container-core-columns-is-layout-87beb0d0 wp-block-columns-is-layout-flex\">\n<div class=\"wp-block-column is-layout-flow wp-block-column-is-layout-flow\">\n<p class=\"wp-container-content-9cfa9a5a\">Ma fascination pour les lois fondamentales m&rsquo;a initialement guid\u00e9 vers la physique, o\u00f9 la description math\u00e9matique de la r\u00e9alit\u00e9 a forg\u00e9 ma pens\u00e9e. Les math\u00e9matiques pures m&rsquo;ont ensuite d\u00e9voil\u00e9 l&rsquo;\u00e9l\u00e9gance intemporelle des structures abstraites. La r\u00e9flexion philosophique sur les questions fondamentales de la connaissance humaine a \u00e9largi mes horizons et affin\u00e9 ma perception des possibilit\u00e9s et des limites de notre compr\u00e9hension. Dans l&rsquo;actuariat, ce parcours interdisciplinaire a trouv\u00e9 sa synth\u00e8se naturelle \u2013 c&rsquo;est ici que l&rsquo;analyse rigoureuse et la vision strat\u00e9gique s&rsquo;unissent en une approche holistique de l&rsquo;\u00e9valuation des risques.<\/p>\n<\/div>\n\n\n\n<div class=\"wp-block-column is-layout-flow wp-block-column-is-layout-flow\">\n<p>Des ann\u00e9es d&rsquo;exp\u00e9rience dans l&rsquo;exploration des relations complexes ont fa\u00e7onn\u00e9 une approche distinctive du monde des chiffres et des risques. C&rsquo;est l&rsquo;alliance de la pr\u00e9cision analytique et d&rsquo;un jugement aiguis\u00e9 qui permet de discerner les sch\u00e9mas cruciaux, m\u00eame dans des ensembles de donn\u00e9es volumineux Le d\u00e9veloppement de solutions p\u00e9rennes est au c\u0153ur de cette d\u00e9marche \u2013 port\u00e9 par la conviction que l&rsquo;innovation authentique ne peut s&rsquo;\u00e9panouir que sur le socle de l&rsquo;int\u00e9grit\u00e9 et de la transparence. Cette philosophie impr\u00e8gne chaque collaboration et chaque \u00e9tape du d\u00e9veloppement commun.<\/p>\n<\/div>\n<\/div>\n<\/div>\n<\/div>\n<\/div>\n\n<div class=\"wp-block-group alignfull has-accent-5-background-color has-background has-global-padding is-layout-constrained wp-container-core-group-is-layout-d89aad35 wp-block-group-is-layout-constrained\" style=\"margin-top:0;margin-bottom:0;padding-top:var(--wp--preset--spacing--50);padding-right:var(--wp--preset--spacing--50);padding-bottom:var(--wp--preset--spacing--50);padding-left:var(--wp--preset--spacing--50)\">\n<div class=\"wp-block-columns alignwide is-layout-flex wp-container-core-columns-is-layout-1da03c2a wp-block-columns-is-layout-flex\">\n<div class=\"wp-block-column is-vertically-aligned-center is-layout-flow wp-block-column-is-layout-flow\" style=\"flex-basis:60%\">\n<figure class=\"wp-block-image aligncenter size-full is-resized is-style-rounded wp-duotone-unset-3 is-style-rounded--2\"><img decoding=\"async\" width=\"1024\" height=\"1792\" src=\"https:\/\/aktuar.xyz\/wp-content\/uploads\/2024\/11\/about-1.jpg\" alt=\"\" class=\"wp-image-141\" style=\"aspect-ratio:0.75;object-fit:cover;width:408px;height:auto\" srcset=\"https:\/\/aktuar.xyz\/wp-content\/uploads\/2024\/11\/about-1.jpg 1024w, https:\/\/aktuar.xyz\/wp-content\/uploads\/2024\/11\/about-1-171x300.jpg 171w, https:\/\/aktuar.xyz\/wp-content\/uploads\/2024\/11\/about-1-585x1024.jpg 585w, https:\/\/aktuar.xyz\/wp-content\/uploads\/2024\/11\/about-1-768x1344.jpg 768w, https:\/\/aktuar.xyz\/wp-content\/uploads\/2024\/11\/about-1-878x1536.jpg 878w\" sizes=\"(max-width: 1024px) 100vw, 1024px\" \/><\/figure>\n<\/div>\n\n\n\n<div class=\"wp-block-column is-vertically-aligned-center is-layout-flow wp-block-column-is-layout-flow\" style=\"flex-basis:40%\">\n<h2 class=\"wp-block-heading\" id=\"h-kontakt\">Contact<\/h2>\n\n\n\n<p>Qu&rsquo;il s&rsquo;agisse de conseil actuariel, d&rsquo;innovation en mati\u00e8re de produits ou d&rsquo;\u00e9change professionnel : ensemble, nous trouvons les voies appropri\u00e9es vers vos objectifs. Je me r\u00e9jouis de notre futur \u00e9change.<\/p>\n\n\n\n<div class=\"wp-block-buttons is-layout-flex wp-block-buttons-is-layout-flex\">\n<div class=\"wp-block-button\"><a class=\"wp-block-button__link wp-element-button\" href=\"mailto:i@dxy.ch?subject=Kontaktanfrage%20via%20aktuar.xyz&amp;amp;body=Guten%20T%61g%2C%0D%0A%0D%0Aich%20bitte%20um%20Kontaktaufnahme.%0D%0A%0D%0AMit%20freundlichen%20Gr%C3%BCssen\">Prendre contact<\/a><\/div>\n<\/div>\n<\/div>\n<\/div>\n<\/div>\n\n<p><\/p>\n","protected":false},"excerpt":{"rendered":"<p>Pascal Schmid Actuaire ASA \u2218 Conseiller \u00c0 l&rsquo;instar de la dualit\u00e9 de la lumi\u00e8re, les math\u00e9matiques unifient des oppos\u00e9s apparents : abstraction et application, logique et intuition. En tant qu&rsquo;actuaire, j&rsquo;\u00e9volue dans cette interaction des perspectives, transformant des d\u00e9fis actuariels complexes en opportunit\u00e9s entrepreneuriales. C&rsquo;est dans les profondeurs du pass\u00e9 que r\u00e9side la cl\u00e9 de [&hellip;]<\/p>\n","protected":false},"author":1,"featured_media":0,"parent":0,"menu_order":0,"comment_status":"closed","ping_status":"closed","template":"","meta":{"footnotes":""},"class_list":["post-367","page","type-page","status-publish","hentry"],"yoast_head":"<!-- This site is optimized with the Yoast SEO Premium plugin v26.3 (Yoast SEO v26.3) - https:\/\/yoast.com\/wordpress\/plugins\/seo\/ -->\n<title>aktuar.xyz | Pascal Schmid | Actuaire FSA<\/title>\n<meta name=\"description\" content=\"Conseil actuariel. Pascal Schmid, actuaire FSA.\" \/>\n<meta name=\"robots\" content=\"index, follow, max-snippet:-1, max-image-preview:large, max-video-preview:-1\" \/>\n<link rel=\"canonical\" href=\"https:\/\/aktuar.xyz\/fr\/apropos\/\" \/>\n<meta property=\"og:locale\" content=\"fr_FR\" \/>\n<meta property=\"og:type\" content=\"article\" \/>\n<meta property=\"og:title\" content=\"Versicherungsmathematische Beratung\" \/>\n<meta property=\"og:description\" content=\"Aktuarielle Beratung | Pascal Schmid | Aktuar SAV\" \/>\n<meta property=\"og:url\" content=\"https:\/\/aktuar.xyz\/fr\/apropos\/\" \/>\n<meta property=\"og:site_name\" content=\"aktuar.xyz\" \/>\n<meta property=\"article:modified_time\" content=\"2024-12-29T18:06:18+00:00\" \/>\n<meta property=\"og:image\" content=\"https:\/\/aktuar.xyz\/wp-content\/uploads\/2024\/11\/aktuar-2016-01.jpg\" \/>\n\t<meta property=\"og:image:width\" content=\"1500\" \/>\n\t<meta property=\"og:image:height\" content=\"1500\" \/>\n\t<meta property=\"og:image:type\" content=\"image\/jpeg\" \/>\n<meta name=\"twitter:card\" content=\"summary_large_image\" \/>\n<meta name=\"twitter:label1\" content=\"Dur\u00e9e de lecture estim\u00e9e\" \/>\n\t<meta name=\"twitter:data1\" content=\"2 minutes\" \/>\n<script type=\"application\/ld+json\" class=\"yoast-schema-graph\">{\"@context\":\"https:\/\/schema.org\",\"@graph\":[{\"@type\":\"WebPage\",\"@id\":\"https:\/\/aktuar.xyz\/fr\/apropos\/\",\"url\":\"https:\/\/aktuar.xyz\/fr\/apropos\/\",\"name\":\"aktuar.xyz | Pascal Schmid | Actuaire FSA\",\"isPartOf\":{\"@id\":\"https:\/\/aktuar.xyz\/fr\/#website\"},\"primaryImageOfPage\":{\"@id\":\"https:\/\/aktuar.xyz\/fr\/apropos\/#primaryimage\"},\"image\":{\"@id\":\"https:\/\/aktuar.xyz\/fr\/apropos\/#primaryimage\"},\"thumbnailUrl\":\"https:\/\/aktuar.xyz\/wp-content\/uploads\/2024\/11\/aktuar-2016-01.jpg\",\"datePublished\":\"2024-08-18T13:06:44+00:00\",\"dateModified\":\"2024-12-29T18:06:18+00:00\",\"description\":\"Conseil actuariel. Pascal Schmid, actuaire FSA.\",\"inLanguage\":\"fr-FR\",\"potentialAction\":[{\"@type\":\"ReadAction\",\"target\":[\"https:\/\/aktuar.xyz\/fr\/apropos\/\"]}]},{\"@type\":\"ImageObject\",\"inLanguage\":\"fr-FR\",\"@id\":\"https:\/\/aktuar.xyz\/fr\/apropos\/#primaryimage\",\"url\":\"https:\/\/aktuar.xyz\/wp-content\/uploads\/2024\/11\/aktuar-2016-01.jpg\",\"contentUrl\":\"https:\/\/aktuar.xyz\/wp-content\/uploads\/2024\/11\/aktuar-2016-01.jpg\"},{\"@type\":\"WebSite\",\"@id\":\"https:\/\/aktuar.xyz\/fr\/#website\",\"url\":\"https:\/\/aktuar.xyz\/fr\/\",\"name\":\"aktuar.xyz\",\"description\":\"\u00c9quitable, transparent, ind\u00e9pendant.\",\"publisher\":{\"@id\":\"https:\/\/aktuar.xyz\/fr\/#organization\"},\"potentialAction\":[{\"@type\":\"SearchAction\",\"target\":{\"@type\":\"EntryPoint\",\"urlTemplate\":\"https:\/\/aktuar.xyz\/fr\/?s={search_term_string}\"},\"query-input\":{\"@type\":\"PropertyValueSpecification\",\"valueRequired\":true,\"valueName\":\"search_term_string\"}}],\"inLanguage\":\"fr-FR\"},{\"@type\":\"Organization\",\"@id\":\"https:\/\/aktuar.xyz\/fr\/#organization\",\"name\":\"dxy GmbH\",\"alternateName\":\"aktuar.xyz\",\"url\":\"https:\/\/aktuar.xyz\/fr\/\",\"logo\":{\"@type\":\"ImageObject\",\"inLanguage\":\"fr-FR\",\"@id\":\"https:\/\/aktuar.xyz\/fr\/#\/schema\/logo\/image\/\",\"url\":\"https:\/\/aktuar.xyz\/wp-content\/uploads\/2024\/08\/mahael-color.png\",\"contentUrl\":\"https:\/\/aktuar.xyz\/wp-content\/uploads\/2024\/08\/mahael-color.png\",\"width\":500,\"height\":500,\"caption\":\"dxy GmbH\"},\"image\":{\"@id\":\"https:\/\/aktuar.xyz\/fr\/#\/schema\/logo\/image\/\"},\"sameAs\":[\"https:\/\/www.linkedin.com\/company\/aktuar\"],\"description\":\"Als unabh\u00e4ngiger Aktuar SAV bietet Pascal Schmid hochspezialisierte aktuarielle Beratung f\u00fcr die Versicherungs-, Finanz- und Pharmabranche in der Schweiz. Mit fundierten mathematischen Kenntnissen und langj\u00e4hriger Erfahrung unterst\u00fctze ich Unternehmen bei der Produktentwicklung, im Risikomanagement und bei regulatorischen Anforderungen wie SST und ORSA. Meine Dienstleistungen umfassen die Mandatierung als Verantwortlicher Aktuar gem\u00e4ss Art. 23 VAG, aktuarielle Gutachten sowie die Entwicklung und Automatisierung versicherungsmathematischer Prozesse. Der Fokus liegt dabei auf der Verbindung von mathematischer Pr\u00e4zision mit strategischer Weitsicht, um nachhaltige und innovative L\u00f6sungen zu schaffen. Als unabh\u00e4ngiger Berater garantiere ich eine objektive, transparente und qualitativ hochwertige Beratung.\",\"email\":\"i@dxy.ch\",\"legalName\":\"dxy GmbH\",\"foundingDate\":\"2020-07-06\",\"vatID\":\"CHE-142.828.063\",\"numberOfEmployees\":{\"@type\":\"QuantitativeValue\",\"minValue\":\"1\",\"maxValue\":\"10\"}}]}<\/script>\n<!-- \/ Yoast SEO Premium plugin. -->","yoast_head_json":{"title":"aktuar.xyz | Pascal Schmid | Actuaire FSA","description":"Conseil actuariel. Pascal Schmid, actuaire FSA.","robots":{"index":"index","follow":"follow","max-snippet":"max-snippet:-1","max-image-preview":"max-image-preview:large","max-video-preview":"max-video-preview:-1"},"canonical":"https:\/\/aktuar.xyz\/fr\/apropos\/","og_locale":"fr_FR","og_type":"article","og_title":"Versicherungsmathematische Beratung","og_description":"Aktuarielle Beratung | Pascal Schmid | Aktuar SAV","og_url":"https:\/\/aktuar.xyz\/fr\/apropos\/","og_site_name":"aktuar.xyz","article_modified_time":"2024-12-29T18:06:18+00:00","og_image":[{"width":1500,"height":1500,"url":"https:\/\/aktuar.xyz\/wp-content\/uploads\/2024\/11\/aktuar-2016-01.jpg","type":"image\/jpeg"}],"twitter_card":"summary_large_image","twitter_misc":{"Dur\u00e9e de lecture estim\u00e9e":"2 minutes"},"schema":{"@context":"https:\/\/schema.org","@graph":[{"@type":"WebPage","@id":"https:\/\/aktuar.xyz\/fr\/apropos\/","url":"https:\/\/aktuar.xyz\/fr\/apropos\/","name":"aktuar.xyz | Pascal Schmid | Actuaire FSA","isPartOf":{"@id":"https:\/\/aktuar.xyz\/fr\/#website"},"primaryImageOfPage":{"@id":"https:\/\/aktuar.xyz\/fr\/apropos\/#primaryimage"},"image":{"@id":"https:\/\/aktuar.xyz\/fr\/apropos\/#primaryimage"},"thumbnailUrl":"https:\/\/aktuar.xyz\/wp-content\/uploads\/2024\/11\/aktuar-2016-01.jpg","datePublished":"2024-08-18T13:06:44+00:00","dateModified":"2024-12-29T18:06:18+00:00","description":"Conseil actuariel. Pascal Schmid, actuaire FSA.","inLanguage":"fr-FR","potentialAction":[{"@type":"ReadAction","target":["https:\/\/aktuar.xyz\/fr\/apropos\/"]}]},{"@type":"ImageObject","inLanguage":"fr-FR","@id":"https:\/\/aktuar.xyz\/fr\/apropos\/#primaryimage","url":"https:\/\/aktuar.xyz\/wp-content\/uploads\/2024\/11\/aktuar-2016-01.jpg","contentUrl":"https:\/\/aktuar.xyz\/wp-content\/uploads\/2024\/11\/aktuar-2016-01.jpg"},{"@type":"WebSite","@id":"https:\/\/aktuar.xyz\/fr\/#website","url":"https:\/\/aktuar.xyz\/fr\/","name":"aktuar.xyz","description":"\u00c9quitable, transparent, ind\u00e9pendant.","publisher":{"@id":"https:\/\/aktuar.xyz\/fr\/#organization"},"potentialAction":[{"@type":"SearchAction","target":{"@type":"EntryPoint","urlTemplate":"https:\/\/aktuar.xyz\/fr\/?s={search_term_string}"},"query-input":{"@type":"PropertyValueSpecification","valueRequired":true,"valueName":"search_term_string"}}],"inLanguage":"fr-FR"},{"@type":"Organization","@id":"https:\/\/aktuar.xyz\/fr\/#organization","name":"dxy GmbH","alternateName":"aktuar.xyz","url":"https:\/\/aktuar.xyz\/fr\/","logo":{"@type":"ImageObject","inLanguage":"fr-FR","@id":"https:\/\/aktuar.xyz\/fr\/#\/schema\/logo\/image\/","url":"https:\/\/aktuar.xyz\/wp-content\/uploads\/2024\/08\/mahael-color.png","contentUrl":"https:\/\/aktuar.xyz\/wp-content\/uploads\/2024\/08\/mahael-color.png","width":500,"height":500,"caption":"dxy GmbH"},"image":{"@id":"https:\/\/aktuar.xyz\/fr\/#\/schema\/logo\/image\/"},"sameAs":["https:\/\/www.linkedin.com\/company\/aktuar"],"description":"Als unabh\u00e4ngiger Aktuar SAV bietet Pascal Schmid hochspezialisierte aktuarielle Beratung f\u00fcr die Versicherungs-, Finanz- und Pharmabranche in der Schweiz. Mit fundierten mathematischen Kenntnissen und langj\u00e4hriger Erfahrung unterst\u00fctze ich Unternehmen bei der Produktentwicklung, im Risikomanagement und bei regulatorischen Anforderungen wie SST und ORSA. Meine Dienstleistungen umfassen die Mandatierung als Verantwortlicher Aktuar gem\u00e4ss Art. 23 VAG, aktuarielle Gutachten sowie die Entwicklung und Automatisierung versicherungsmathematischer Prozesse. Der Fokus liegt dabei auf der Verbindung von mathematischer Pr\u00e4zision mit strategischer Weitsicht, um nachhaltige und innovative L\u00f6sungen zu schaffen. Als unabh\u00e4ngiger Berater garantiere ich eine objektive, transparente und qualitativ hochwertige Beratung.","email":"i@dxy.ch","legalName":"dxy GmbH","foundingDate":"2020-07-06","vatID":"CHE-142.828.063","numberOfEmployees":{"@type":"QuantitativeValue","minValue":"1","maxValue":"10"}}]}},"_links":{"self":[{"href":"https:\/\/aktuar.xyz\/fr\/wp-json\/wp\/v2\/pages\/367","targetHints":{"allow":["GET"]}}],"collection":[{"href":"https:\/\/aktuar.xyz\/fr\/wp-json\/wp\/v2\/pages"}],"about":[{"href":"https:\/\/aktuar.xyz\/fr\/wp-json\/wp\/v2\/types\/page"}],"author":[{"embeddable":true,"href":"https:\/\/aktuar.xyz\/fr\/wp-json\/wp\/v2\/users\/1"}],"replies":[{"embeddable":true,"href":"https:\/\/aktuar.xyz\/fr\/wp-json\/wp\/v2\/comments?post=367"}],"version-history":[{"count":2,"href":"https:\/\/aktuar.xyz\/fr\/wp-json\/wp\/v2\/pages\/367\/revisions"}],"predecessor-version":[{"id":510,"href":"https:\/\/aktuar.xyz\/fr\/wp-json\/wp\/v2\/pages\/367\/revisions\/510"}],"wp:attachment":[{"href":"https:\/\/aktuar.xyz\/fr\/wp-json\/wp\/v2\/media?parent=367"}],"curies":[{"name":"wp","href":"https:\/\/api.w.org\/{rel}","templated":true}]}}