{"id":278,"date":"2024-11-26T11:32:09","date_gmt":"2024-11-26T10:32:09","guid":{"rendered":"https:\/\/aktuar.xyz\/278-2\/"},"modified":"2024-11-29T22:03:46","modified_gmt":"2024-11-29T21:03:46","slug":"imprint","status":"publish","type":"page","link":"https:\/\/aktuar.xyz\/en\/imprint\/","title":{"rendered":""},"content":{"rendered":"\n<div class=\"wp-block-group alignfull has-global-padding is-layout-constrained wp-container-core-group-is-layout-301020a0 wp-block-group-is-layout-constrained\" style=\"padding-top:var(--wp--preset--spacing--50);padding-right:var(--wp--preset--spacing--50);padding-bottom:var(--wp--preset--spacing--50);padding-left:var(--wp--preset--spacing--50)\">\n<div class=\"wp-block-group alignfull has-base-color has-contrast-background-color has-text-color has-background has-link-color wp-elements-b8dcab5e932775f131829bdd1be7ffda has-global-padding is-layout-constrained wp-container-core-group-is-layout-d89aad35 wp-block-group-is-layout-constrained\" style=\"margin-top:0;margin-bottom:0;padding-top:var(--wp--preset--spacing--50);padding-right:var(--wp--preset--spacing--50);padding-bottom:var(--wp--preset--spacing--50);padding-left:var(--wp--preset--spacing--50)\">\n<h3 class=\"wp-block-heading alignwide has-base-color has-text-color has-link-color wp-elements-d37b9889379aadc7e9bac4729a9f6cdd\" style=\"font-size:clamp(2.587rem, 2.587rem + ((1vw - 0.2rem) * 3.855), 4.9rem);letter-spacing:-0.02em\">Imprint<\/h3>\n\n\n\n<div class=\"wp-block-group alignwide is-layout-flow wp-block-group-is-layout-flow\">\n<hr class=\"wp-block-separator has-text-color has-base-color has-alpha-channel-opacity has-base-background-color has-background is-style-wide\" style=\"margin-top:var(--wp--preset--spacing--30);margin-bottom:var(--wp--preset--spacing--30)\"\/>\n\n\n\n<h3 class=\"wp-block-heading alignwide has-base-2-color has-text-color has-link-color wp-elements-b1f0d184c4fddcec70ef5e36709e8254\">aktuar.xyz a service provided by <strong>dxy GmbH<\/strong><\/h3>\n\n\n\n<p class=\"has-contrast-1-color has-text-color has-link-color wp-elements-56c32bb608f43a684a147f89a36542d2\">dxy GmbH<br\/>Maihofstrasse 62<br\/>6006 Lucerne<br\/>Switzerland<\/p>\n\n\n\n<hr class=\"wp-block-separator has-text-color has-base-color has-alpha-channel-opacity has-base-background-color has-background is-style-wide\" style=\"margin-top:var(--wp--preset--spacing--30);margin-bottom:var(--wp--preset--spacing--30)\"\/>\n\n\n\n<h3 class=\"wp-block-heading alignwide has-base-2-color has-text-color has-link-color wp-elements-d7d19169548063e352428d067ffabbbf\">Contact<\/h3>\n\n\n\n<p class=\"has-base-2-color has-text-color has-link-color wp-elements-32975cf7401cdf1f74809a028bc94fd8\"><a href=\"mailto:i@dxy.ch\">i@dxy.ch<\/a><\/p>\n\n\n\n<hr class=\"wp-block-separator has-text-color has-base-color has-alpha-channel-opacity has-base-background-color has-background is-style-wide\" style=\"margin-top:var(--wp--preset--spacing--30);margin-bottom:var(--wp--preset--spacing--30)\"\/>\n\n\n\n<h3 class=\"wp-block-heading alignwide has-base-2-color has-text-color has-link-color wp-elements-01776b233b0c37d95efd52d02aae6edc\">Authorized Representative<\/h3>\n\n\n\n<p class=\"has-contrast-1-color has-text-color has-link-color wp-elements-487857070c095a4d5241f8bac949c7cc\">Pascal Schmid<\/p>\n\n\n\n<hr class=\"wp-block-separator has-text-color has-base-color has-alpha-channel-opacity has-base-background-color has-background is-style-wide\" style=\"margin-top:var(--wp--preset--spacing--30);margin-bottom:var(--wp--preset--spacing--30)\"\/>\n\n\n\n<h3 class=\"wp-block-heading alignwide has-base-2-color has-text-color has-link-color wp-elements-c60148bca22b90a0c233a245fb022a87\">Company Information<\/h3>\n\n\n\n<p class=\"has-base-2-color has-text-color has-link-color wp-elements-0c41c06cd02a484d0723b29c9d561f22\">Registered in the Commercial Register of the Canton of Lucerne: CHE-142.828.063<\/p>\n\n\n\n<hr class=\"wp-block-separator has-text-color has-base-color has-alpha-channel-opacity has-base-background-color has-background is-style-wide\" style=\"margin-top:var(--wp--preset--spacing--30);margin-bottom:var(--wp--preset--spacing--30)\"\/>\n\n\n\n<h2 class=\"wp-block-heading alignwide has-base-2-color has-text-color has-link-color wp-elements-d9648bdf2c745aa27bf09f70fd62c995\">Disclaimer<\/h2>\n\n\n\n<hr class=\"wp-block-separator has-text-color has-base-color has-alpha-channel-opacity has-base-background-color has-background is-style-wide\" style=\"margin-top:var(--wp--preset--spacing--30);margin-bottom:var(--wp--preset--spacing--30)\"\/>\n\n\n\n<h3 class=\"wp-block-heading alignwide has-base-2-color has-text-color has-link-color wp-elements-01c7dd6fa68413ac69100fbc685887e5\">Liability for Content<\/h3>\n\n\n\n<p class=\"has-base-2-color has-text-color has-link-color wp-elements-1276faf63244eed95d43a8bf6b4053e6\">The contents of our website have been compiled with the greatest possible care and diligence. However, we cannot assume any liability for the accuracy, completeness, or timeliness of the content. <\/p>\n\n\n\n<hr class=\"wp-block-separator has-text-color has-base-color has-alpha-channel-opacity has-base-background-color has-background is-style-wide\" style=\"margin-top:var(--wp--preset--spacing--30);margin-bottom:var(--wp--preset--spacing--30)\"\/>\n\n\n\n<h3 class=\"wp-block-heading alignwide has-base-2-color has-text-color has-link-color wp-elements-8b3291e736f936fb348e96cf0fd5e4f6\">Liability for Links<\/h3>\n\n\n\n<p class=\"has-contrast-1-color has-text-color has-link-color wp-elements-aadd0d3e5a5d044df9640907fbd77ca5\">Our website contains links to external third-party websites over whose content we have no control. The respective provider or operator is solely responsible for the content of the linked sites. <\/p>\n\n\n\n<hr class=\"wp-block-separator has-text-color has-base-color has-alpha-channel-opacity has-base-background-color has-background is-style-wide\" style=\"margin-top:var(--wp--preset--spacing--30);margin-bottom:var(--wp--preset--spacing--30)\"\/>\n\n\n\n<h3 class=\"wp-block-heading alignwide has-base-2-color has-text-color has-link-color wp-elements-9e19fe4b938ee38323fd09cf30bca4f1\">Copyright Notice<\/h3>\n\n\n\n<p class=\"has-base-2-color has-text-color has-link-color wp-elements-5a970cb9cd3460a8d829129733f8624f\">The content and works created by us on this website are subject to Swiss copyright law. Any reproduction, processing, distribution, or any form of utilization beyond the scope of copyright law requires written consent from the respective author or creator. <\/p>\n\n\n\n<hr class=\"wp-block-separator has-text-color has-base-color has-alpha-channel-opacity has-base-background-color has-background is-style-wide\" style=\"margin-top:var(--wp--preset--spacing--30);margin-bottom:var(--wp--preset--spacing--30)\"\/>\n\n\n\n<h3 class=\"wp-block-heading alignwide has-base-2-color has-text-color has-link-color wp-elements-4469d508512c5f9e5ab2173969132de9\">Last updated<\/h3>\n\n\n\n<p>1 December 2024<\/p>\n\n\n\n<hr class=\"wp-block-separator has-text-color has-base-color has-alpha-channel-opacity has-base-background-color has-background is-style-wide\" style=\"margin-top:var(--wp--preset--spacing--30);margin-bottom:var(--wp--preset--spacing--30)\"\/>\n<\/div>\n\n\n\n<div class=\"wp-block-group alignfull has-base-color has-contrast-background-color has-text-color has-background has-link-color wp-elements-41c3f172ba79f990b997a8b201a0d325 has-global-padding is-layout-constrained wp-container-core-group-is-layout-d89aad35 wp-block-group-is-layout-constrained\" style=\"margin-top:0;margin-bottom:0;padding-top:var(--wp--preset--spacing--50);padding-right:var(--wp--preset--spacing--50);padding-bottom:var(--wp--preset--spacing--50);padding-left:var(--wp--preset--spacing--50)\">\n<h3 class=\"wp-block-heading alignwide has-base-color has-text-color has-link-color wp-elements-e7a7303d1fb07b73c2650c0b8681f219\" style=\"font-size:clamp(2.587rem, 2.587rem + ((1vw - 0.2rem) * 3.855), 4.9rem);letter-spacing:-0.02em\">Privacy Policy<\/h3>\n\n\n\n<div class=\"wp-block-group alignwide is-layout-flow wp-block-group-is-layout-flow\">\n<hr class=\"wp-block-separator has-text-color has-base-color has-alpha-channel-opacity has-base-background-color has-background is-style-wide\" style=\"margin-top:var(--wp--preset--spacing--30);margin-bottom:var(--wp--preset--spacing--30)\"\/>\n\n\n\n<h3 class=\"wp-block-heading alignwide has-base-2-color has-text-color has-link-color wp-elements-2b48e081fa8cb2218cbd4bcc07055d1d\"><\/h3>\n\n\n\n<p>The protection of your personal data is of utmost importance to us.<\/p>\n\n\n\n<hr class=\"wp-block-separator has-text-color has-base-color has-alpha-channel-opacity has-base-background-color has-background is-style-wide\" style=\"margin-top:var(--wp--preset--spacing--30);margin-bottom:var(--wp--preset--spacing--30)\"\/>\n\n\n\n<h3 class=\"wp-block-heading alignwide has-base-2-color has-text-color has-link-color wp-elements-9b2910bf937caae1ec9e9a721f832199\">Data Controller<\/h3>\n\n\n\n<p class=\"has-base-2-color has-text-color has-link-color wp-elements-6bd7cc797f021ed7c03f20fd7d83f4e4\">dxy GmbH<br\/>Maihofstrasse 62<br\/>6006 Lucerne<br\/>Switzerland<\/p>\n\n\n\n<hr class=\"wp-block-separator has-text-color has-base-color has-alpha-channel-opacity has-base-background-color has-background is-style-wide\" style=\"margin-top:var(--wp--preset--spacing--30);margin-bottom:var(--wp--preset--spacing--30)\"\/>\n\n\n\n<h3 class=\"wp-block-heading alignwide has-base-2-color has-text-color has-link-color wp-elements-1bb22e2565774fdac597eefa3e0d3fd5\">Website Access<\/h3>\n\n\n\n<p class=\"has-base-2-color has-text-color has-link-color wp-elements-d149bb3c05e1eb662c82aa315f29b97f\">When visiting our website, technical access data is automatically recorded in server logs. This data is used exclusively for the secure operation of the website and is deleted after statistical evaluation. <\/p>\n\n\n\n<hr class=\"wp-block-separator has-text-color has-base-color has-alpha-channel-opacity has-base-background-color has-background is-style-wide\" style=\"margin-top:var(--wp--preset--spacing--30);margin-bottom:var(--wp--preset--spacing--30)\"\/>\n\n\n\n<h3 class=\"wp-block-heading alignwide has-base-2-color has-text-color has-link-color wp-elements-2cecd6f034d681ca5547f088337ead0f\">Data Collection<\/h3>\n\n\n\n<p class=\"has-base-2-color has-text-color has-link-color wp-elements-898adf2ab05a9463c592d018d7e34108\">The following data is collected when using this website:<\/p>\n\n\n\n<ul class=\"wp-block-list has-base-2-color has-text-color has-link-color wp-elements-8c022ed966a57c714e12eda8e3fbd2c9\">\n<li>IP address<\/li>\n\n\n\n<li>Date and time of access<\/li>\n\n\n\n<li>Name and URL of the page accessed<\/li>\n\n\n\n<li>Access status\/HTTP status code<\/li>\n\n\n\n<li>Browser and operating system used<\/li>\n<\/ul>\n\n\n\n<hr class=\"wp-block-separator has-text-color has-base-color has-alpha-channel-opacity has-base-background-color has-background is-style-wide\" style=\"margin-top:var(--wp--preset--spacing--30);margin-bottom:var(--wp--preset--spacing--30)\"\/>\n\n\n\n<h3 class=\"wp-block-heading alignwide has-base-2-color has-text-color has-link-color wp-elements-cb3c9eb536c2841dad7a6161156268b4\">Email communication<\/h3>\n\n\n\n<p class=\"has-contrast-1-color has-text-color has-link-color wp-elements-e6bc7778ede0214556579cac900c8fee\">Please note that email communication is neither secure nor confidential due to technical constraints. The transmission of sensitive information is therefore at your own risk. <\/p>\n\n\n\n<hr class=\"wp-block-separator has-text-color has-base-color has-alpha-channel-opacity has-base-background-color has-background is-style-wide\" style=\"margin-top:var(--wp--preset--spacing--30);margin-bottom:var(--wp--preset--spacing--30)\"\/>\n\n\n\n<h3 class=\"wp-block-heading alignwide has-base-2-color has-text-color has-link-color wp-elements-76f429ccdbad9895b2ff3852f4506847\">Contact Requests<\/h3>\n\n\n\n<p class=\"has-base-2-color has-text-color has-link-color wp-elements-c653fffce3bbe63fcf8d933d9d22beee\">If you contact us, we will only use your details to process your request. We will treat your data as strictly confidential. <\/p>\n\n\n\n<hr class=\"wp-block-separator has-text-color has-base-color has-alpha-channel-opacity has-base-background-color has-background is-style-wide\" style=\"margin-top:var(--wp--preset--spacing--30);margin-bottom:var(--wp--preset--spacing--30)\"\/>\n\n\n\n<h3 class=\"wp-block-heading alignwide has-base-2-color has-text-color has-link-color wp-elements-c5601ce44ce163189fa617dd1c6a27f2\">Technical Security<\/h3>\n\n\n\n<p class=\"has-base-2-color has-text-color has-link-color wp-elements-3ee519e8b306e2846083be3d929c9b36\">Access to our website is encrypted using SSL\/TLS technology.<\/p>\n\n\n\n<hr class=\"wp-block-separator has-text-color has-base-color has-alpha-channel-opacity has-base-background-color has-background is-style-wide\" style=\"margin-top:var(--wp--preset--spacing--30);margin-bottom:var(--wp--preset--spacing--30)\"\/>\n\n\n\n<h3 class=\"wp-block-heading alignwide has-base-2-color has-text-color has-link-color wp-elements-bafe820bd2f8d05f8cc17897865f2d3f\">Your Rights<\/h3>\n\n\n\n<p class=\"has-base-2-color has-text-color has-link-color wp-elements-5d13969c019b321db5274b83c434a10d\">You have the right to access, rectify, or request deletion of your personal data. We will promptly provide information about your personal data stored by us upon request. Please contact us at: <a href=\"mailto:i@dxy.ch\">i@dxy.ch<\/a>  <\/p>\n\n\n\n<hr class=\"wp-block-separator has-text-color has-base-color has-alpha-channel-opacity has-base-background-color has-background is-style-wide\" style=\"margin-top:var(--wp--preset--spacing--30);margin-bottom:var(--wp--preset--spacing--30)\"\/>\n\n\n\n<h3 class=\"wp-block-heading alignwide has-base-2-color has-text-color has-link-color wp-elements-b7d580d8c4607d3b307b87b84a2369e3\">Data Retention<\/h3>\n\n\n\n<p class=\"has-base-2-color has-text-color has-link-color wp-elements-4771a5c17e568b0baf3152915e9f07b3\">We retain your personal data only for as long as necessary for the stated purposes or as required by statutory retention periods.<\/p>\n\n\n\n<hr class=\"wp-block-separator has-text-color has-base-color has-alpha-channel-opacity has-base-background-color has-background is-style-wide\" style=\"margin-top:var(--wp--preset--spacing--30);margin-bottom:var(--wp--preset--spacing--30)\"\/>\n\n\n\n<h3 class=\"wp-block-heading alignwide has-base-2-color has-text-color has-link-color wp-elements-83c993920be189e9f7f2ff2e9476ce49\">Supervisory Authority<\/h3>\n\n\n\n<p class=\"has-base-2-color has-text-color has-link-color wp-elements-9b6dc0803ac3c046ee9470b8362c7aa4\">For matters concerning data protection, you may contact the Federal Data Protection and Information Commissioner (FDPIC).<\/p>\n\n\n\n<hr class=\"wp-block-separator has-text-color has-base-color has-alpha-channel-opacity has-base-background-color has-background is-style-wide\" style=\"margin-top:var(--wp--preset--spacing--30);margin-bottom:var(--wp--preset--spacing--30)\"\/>\n\n\n\n<h3 class=\"wp-block-heading alignwide has-base-2-color has-text-color has-link-color wp-elements-4469d508512c5f9e5ab2173969132de9\">Last updated<\/h3>\n\n\n\n<p>1 December 2024<\/p>\n\n\n\n<hr class=\"wp-block-separator has-text-color has-base-color has-alpha-channel-opacity has-base-background-color has-background is-style-wide\" style=\"margin-top:var(--wp--preset--spacing--30);margin-bottom:var(--wp--preset--spacing--30)\"\/>\n<\/div>\n<\/div>\n<\/div>\n\n\n\n<p><\/p>\n<\/div>\n","protected":false},"excerpt":{"rendered":"<p>Imprint aktuar.xyz a service provided by dxy GmbH dxy GmbHMaihofstrasse 626006 LucerneSwitzerland Contact i@dxy.ch Authorized Representative Pascal Schmid Company Information Registered in the Commercial Register of the Canton of Lucerne: CHE-142.828.063 Disclaimer Liability for Content The contents of our website have been compiled with the greatest possible care and diligence. However, we cannot assume any [&hellip;]<\/p>\n","protected":false},"author":1,"featured_media":0,"parent":0,"menu_order":0,"comment_status":"closed","ping_status":"closed","template":"","meta":{"footnotes":""},"class_list":["post-278","page","type-page","status-publish","hentry"],"yoast_head":"<!-- This site is optimized with the Yoast SEO Premium plugin v26.3 (Yoast SEO v26.3) - https:\/\/yoast.com\/wordpress\/plugins\/seo\/ -->\n<title>aktuar.xyz | Pascal Schmid | Aktuar SAV<\/title>\n<meta name=\"description\" content=\"Versicherungsmathematische Beratung | Aktuar SAV\" \/>\n<meta name=\"robots\" content=\"index, follow, max-snippet:-1, max-image-preview:large, max-video-preview:-1\" \/>\n<link rel=\"canonical\" href=\"https:\/\/aktuar.xyz\/en\/imprint\/\" \/>\n<meta property=\"og:locale\" content=\"en_US\" \/>\n<meta property=\"og:type\" content=\"article\" \/>\n<meta property=\"og:title\" content=\"Versicherungsmathematische Beratung\" \/>\n<meta property=\"og:description\" content=\"Aktuarielle Beratung | Pascal Schmid | Aktuar SAV\" \/>\n<meta property=\"og:url\" content=\"https:\/\/aktuar.xyz\/en\/imprint\/\" \/>\n<meta property=\"og:site_name\" content=\"aktuar.xyz\" \/>\n<meta property=\"article:modified_time\" content=\"2024-11-29T21:03:46+00:00\" \/>\n<meta property=\"og:image\" content=\"https:\/\/aktuar.xyz\/wp-content\/uploads\/2024\/12\/aktuar-xyz-2.png\" \/>\n\t<meta property=\"og:image:width\" content=\"1293\" \/>\n\t<meta property=\"og:image:height\" content=\"751\" \/>\n\t<meta property=\"og:image:type\" content=\"image\/png\" \/>\n<meta name=\"twitter:card\" content=\"summary_large_image\" \/>\n<meta name=\"twitter:label1\" content=\"Est. reading time\" \/>\n\t<meta name=\"twitter:data1\" content=\"2 minutes\" \/>\n<script type=\"application\/ld+json\" class=\"yoast-schema-graph\">{\"@context\":\"https:\/\/schema.org\",\"@graph\":[{\"@type\":\"WebPage\",\"@id\":\"https:\/\/aktuar.xyz\/en\/imprint\/\",\"url\":\"https:\/\/aktuar.xyz\/en\/imprint\/\",\"name\":\"aktuar.xyz | Pascal Schmid | Aktuar SAV\",\"isPartOf\":{\"@id\":\"https:\/\/aktuar.xyz\/en\/#website\"},\"datePublished\":\"2024-11-26T10:32:09+00:00\",\"dateModified\":\"2024-11-29T21:03:46+00:00\",\"description\":\"Versicherungsmathematische Beratung | Aktuar SAV\",\"inLanguage\":\"en-US\",\"potentialAction\":[{\"@type\":\"ReadAction\",\"target\":[\"https:\/\/aktuar.xyz\/en\/imprint\/\"]}]},{\"@type\":\"WebSite\",\"@id\":\"https:\/\/aktuar.xyz\/en\/#website\",\"url\":\"https:\/\/aktuar.xyz\/en\/\",\"name\":\"aktuar.xyz\",\"description\":\"Fair, crystal clear, independent.\",\"publisher\":{\"@id\":\"https:\/\/aktuar.xyz\/en\/#organization\"},\"potentialAction\":[{\"@type\":\"SearchAction\",\"target\":{\"@type\":\"EntryPoint\",\"urlTemplate\":\"https:\/\/aktuar.xyz\/en\/?s={search_term_string}\"},\"query-input\":{\"@type\":\"PropertyValueSpecification\",\"valueRequired\":true,\"valueName\":\"search_term_string\"}}],\"inLanguage\":\"en-US\"},{\"@type\":\"Organization\",\"@id\":\"https:\/\/aktuar.xyz\/en\/#organization\",\"name\":\"dxy GmbH\",\"alternateName\":\"aktuar.xyz\",\"url\":\"https:\/\/aktuar.xyz\/en\/\",\"logo\":{\"@type\":\"ImageObject\",\"inLanguage\":\"en-US\",\"@id\":\"https:\/\/aktuar.xyz\/en\/#\/schema\/logo\/image\/\",\"url\":\"https:\/\/aktuar.xyz\/wp-content\/uploads\/2024\/08\/mahael-color.png\",\"contentUrl\":\"https:\/\/aktuar.xyz\/wp-content\/uploads\/2024\/08\/mahael-color.png\",\"width\":500,\"height\":500,\"caption\":\"dxy GmbH\"},\"image\":{\"@id\":\"https:\/\/aktuar.xyz\/en\/#\/schema\/logo\/image\/\"},\"sameAs\":[\"https:\/\/www.linkedin.com\/company\/aktuar\"],\"description\":\"Als unabh\u00e4ngiger Aktuar SAV bietet Pascal Schmid hochspezialisierte aktuarielle Beratung f\u00fcr die Versicherungs-, Finanz- und Pharmabranche in der Schweiz. Mit fundierten mathematischen Kenntnissen und langj\u00e4hriger Erfahrung unterst\u00fctze ich Unternehmen bei der Produktentwicklung, im Risikomanagement und bei regulatorischen Anforderungen wie SST und ORSA. Meine Dienstleistungen umfassen die Mandatierung als Verantwortlicher Aktuar gem\u00e4ss Art. 23 VAG, aktuarielle Gutachten sowie die Entwicklung und Automatisierung versicherungsmathematischer Prozesse. Der Fokus liegt dabei auf der Verbindung von mathematischer Pr\u00e4zision mit strategischer Weitsicht, um nachhaltige und innovative L\u00f6sungen zu schaffen. Als unabh\u00e4ngiger Berater garantiere ich eine objektive, transparente und qualitativ hochwertige Beratung.\",\"email\":\"i@dxy.ch\",\"legalName\":\"dxy GmbH\",\"foundingDate\":\"2020-07-06\",\"vatID\":\"CHE-142.828.063\",\"numberOfEmployees\":{\"@type\":\"QuantitativeValue\",\"minValue\":\"1\",\"maxValue\":\"10\"}}]}<\/script>\n<!-- \/ Yoast SEO Premium plugin. -->","yoast_head_json":{"title":"aktuar.xyz | Pascal Schmid | Aktuar SAV","description":"Versicherungsmathematische Beratung | Aktuar SAV","robots":{"index":"index","follow":"follow","max-snippet":"max-snippet:-1","max-image-preview":"max-image-preview:large","max-video-preview":"max-video-preview:-1"},"canonical":"https:\/\/aktuar.xyz\/en\/imprint\/","og_locale":"en_US","og_type":"article","og_title":"Versicherungsmathematische Beratung","og_description":"Aktuarielle Beratung | Pascal Schmid | Aktuar SAV","og_url":"https:\/\/aktuar.xyz\/en\/imprint\/","og_site_name":"aktuar.xyz","article_modified_time":"2024-11-29T21:03:46+00:00","og_image":[{"width":1293,"height":751,"url":"https:\/\/aktuar.xyz\/wp-content\/uploads\/2024\/12\/aktuar-xyz-2.png","type":"image\/png"}],"twitter_card":"summary_large_image","twitter_misc":{"Est. reading time":"2 minutes"},"schema":{"@context":"https:\/\/schema.org","@graph":[{"@type":"WebPage","@id":"https:\/\/aktuar.xyz\/en\/imprint\/","url":"https:\/\/aktuar.xyz\/en\/imprint\/","name":"aktuar.xyz | Pascal Schmid | Aktuar SAV","isPartOf":{"@id":"https:\/\/aktuar.xyz\/en\/#website"},"datePublished":"2024-11-26T10:32:09+00:00","dateModified":"2024-11-29T21:03:46+00:00","description":"Versicherungsmathematische Beratung | Aktuar SAV","inLanguage":"en-US","potentialAction":[{"@type":"ReadAction","target":["https:\/\/aktuar.xyz\/en\/imprint\/"]}]},{"@type":"WebSite","@id":"https:\/\/aktuar.xyz\/en\/#website","url":"https:\/\/aktuar.xyz\/en\/","name":"aktuar.xyz","description":"Fair, crystal clear, independent.","publisher":{"@id":"https:\/\/aktuar.xyz\/en\/#organization"},"potentialAction":[{"@type":"SearchAction","target":{"@type":"EntryPoint","urlTemplate":"https:\/\/aktuar.xyz\/en\/?s={search_term_string}"},"query-input":{"@type":"PropertyValueSpecification","valueRequired":true,"valueName":"search_term_string"}}],"inLanguage":"en-US"},{"@type":"Organization","@id":"https:\/\/aktuar.xyz\/en\/#organization","name":"dxy GmbH","alternateName":"aktuar.xyz","url":"https:\/\/aktuar.xyz\/en\/","logo":{"@type":"ImageObject","inLanguage":"en-US","@id":"https:\/\/aktuar.xyz\/en\/#\/schema\/logo\/image\/","url":"https:\/\/aktuar.xyz\/wp-content\/uploads\/2024\/08\/mahael-color.png","contentUrl":"https:\/\/aktuar.xyz\/wp-content\/uploads\/2024\/08\/mahael-color.png","width":500,"height":500,"caption":"dxy GmbH"},"image":{"@id":"https:\/\/aktuar.xyz\/en\/#\/schema\/logo\/image\/"},"sameAs":["https:\/\/www.linkedin.com\/company\/aktuar"],"description":"Als unabh\u00e4ngiger Aktuar SAV bietet Pascal Schmid hochspezialisierte aktuarielle Beratung f\u00fcr die Versicherungs-, Finanz- und Pharmabranche in der Schweiz. Mit fundierten mathematischen Kenntnissen und langj\u00e4hriger Erfahrung unterst\u00fctze ich Unternehmen bei der Produktentwicklung, im Risikomanagement und bei regulatorischen Anforderungen wie SST und ORSA. Meine Dienstleistungen umfassen die Mandatierung als Verantwortlicher Aktuar gem\u00e4ss Art. 23 VAG, aktuarielle Gutachten sowie die Entwicklung und Automatisierung versicherungsmathematischer Prozesse. Der Fokus liegt dabei auf der Verbindung von mathematischer Pr\u00e4zision mit strategischer Weitsicht, um nachhaltige und innovative L\u00f6sungen zu schaffen. Als unabh\u00e4ngiger Berater garantiere ich eine objektive, transparente und qualitativ hochwertige Beratung.","email":"i@dxy.ch","legalName":"dxy GmbH","foundingDate":"2020-07-06","vatID":"CHE-142.828.063","numberOfEmployees":{"@type":"QuantitativeValue","minValue":"1","maxValue":"10"}}]}},"_links":{"self":[{"href":"https:\/\/aktuar.xyz\/en\/wp-json\/wp\/v2\/pages\/278","targetHints":{"allow":["GET"]}}],"collection":[{"href":"https:\/\/aktuar.xyz\/en\/wp-json\/wp\/v2\/pages"}],"about":[{"href":"https:\/\/aktuar.xyz\/en\/wp-json\/wp\/v2\/types\/page"}],"author":[{"embeddable":true,"href":"https:\/\/aktuar.xyz\/en\/wp-json\/wp\/v2\/users\/1"}],"replies":[{"embeddable":true,"href":"https:\/\/aktuar.xyz\/en\/wp-json\/wp\/v2\/comments?post=278"}],"version-history":[{"count":2,"href":"https:\/\/aktuar.xyz\/en\/wp-json\/wp\/v2\/pages\/278\/revisions"}],"predecessor-version":[{"id":311,"href":"https:\/\/aktuar.xyz\/en\/wp-json\/wp\/v2\/pages\/278\/revisions\/311"}],"wp:attachment":[{"href":"https:\/\/aktuar.xyz\/en\/wp-json\/wp\/v2\/media?parent=278"}],"curies":[{"name":"wp","href":"https:\/\/api.w.org\/{rel}","templated":true}]}}